{"id":10309,"date":"2025-04-16T02:48:04","date_gmt":"2025-04-16T00:48:04","guid":{"rendered":"https:\/\/christian-gaard.no\/send-us-an-email\/"},"modified":"2025-04-16T20:51:07","modified_gmt":"2025-04-16T18:51:07","slug":"send-us-an-email","status":"publish","type":"page","link":"https:\/\/christian-gaard.no\/en\/contact-us\/send-us-an-email\/","title":{"rendered":"Send us an email"},"content":{"rendered":"\t\t<div data-elementor-type=\"wp-page\" data-elementor-id=\"10309\" class=\"elementor elementor-10309 elementor-10174\" data-elementor-post-type=\"page\">\n\t\t\t\t<div class=\"elementor-element elementor-element-8c4aa20 e-flex e-con-boxed syd-sticky-section-no e-con e-parent\" data-id=\"8c4aa20\" data-element_type=\"container\" data-e-type=\"container\">\n\t\t\t\t\t<div class=\"e-con-inner\">\n\t\t<div class=\"elementor-element elementor-element-c039f7f e-con-full e-flex syd-sticky-section-no e-con e-child\" data-id=\"c039f7f\" data-element_type=\"container\" data-e-type=\"container\">\n\t\t\t\t<div class=\"elementor-element elementor-element-e80b654 syd-sticky-section-no elementor-widget elementor-widget-spacer\" data-id=\"e80b654\" data-element_type=\"widget\" data-e-type=\"widget\" data-widget_type=\"spacer.default\">\n\t\t\t\t<div class=\"elementor-widget-container\">\n\t\t\t\t\t\t\t<div class=\"elementor-spacer\">\n\t\t\t<div class=\"elementor-spacer-inner\"><\/div>\n\t\t<\/div>\n\t\t\t\t\t\t<\/div>\n\t\t\t\t<\/div>\n\t\t\t\t<\/div>\n\t\t\t\t\t<\/div>\n\t\t\t\t<\/div>\n\t\t<div class=\"elementor-element elementor-element-e3a0119 e-flex e-con-boxed syd-sticky-section-no e-con e-parent\" data-id=\"e3a0119\" data-element_type=\"container\" data-e-type=\"container\">\n\t\t\t\t\t<div class=\"e-con-inner\">\n\t\t<div class=\"elementor-element elementor-element-055cfe1 e-con-full e-flex syd-sticky-section-no e-con e-child\" data-id=\"055cfe1\" data-element_type=\"container\" data-e-type=\"container\">\n\t\t\t\t<div class=\"elementor-element elementor-element-d221266 syd-sticky-section-no elementor-widget elementor-widget-shortcode\" data-id=\"d221266\" data-element_type=\"widget\" data-e-type=\"widget\" data-widget_type=\"shortcode.default\">\n\t\t\t\t<div class=\"elementor-widget-container\">\n\t\t\t\t\t\t\t<div class=\"elementor-shortcode\"><style id=\"wpforms-css-vars-6905\">\n\t\t\t\t#wpforms-6905 {\n\t\t\t\t\n\t\t\t}\n\t\t\t<\/style><div class=\"wpforms-container wpforms-container-full wpforms-render-modern\" id=\"wpforms-6905\"><form id=\"wpforms-form-6905\" class=\"wpforms-validate wpforms-form wpforms-ajax-form\" data-formid=\"6905\" method=\"post\" enctype=\"multipart\/form-data\" action=\"\/en\/wp-json\/wp\/v2\/pages\/10309\" data-token=\"5c53f6ee31807e1e6ce472e7f5cd8494\" data-token-time=\"1775836780\"><noscript class=\"wpforms-error-noscript\">Please enable JavaScript in your browser to complete this form.<\/noscript><div id=\"wpforms-error-noscript\" style=\"display: none;\">Please enable JavaScript in your browser to complete this form.<\/div><div class=\"wpforms-field-container\"><div id=\"wpforms-6905-field_23-container\" class=\"wpforms-field wpforms-field-radio wpforms-conditional-trigger\" data-field-id=\"23\"><fieldset><legend class=\"wpforms-field-label wpforms-label-hide\" aria-hidden=\"false\">Henvendelsen gjeld <\/legend><ul id=\"wpforms-6905-field_23\"><li class=\"choice-1 depth-1 wpforms-selected\"><input type=\"radio\" id=\"wpforms-6905-field_23_1\" name=\"wpforms[fields][23]\" value=\"Privat\" aria-errormessage=\"wpforms-6905-field_23_1-error\"   checked='checked'><label class=\"wpforms-field-label-inline\" for=\"wpforms-6905-field_23_1\">Privat<\/label><\/li><li class=\"choice-2 depth-1\"><input type=\"radio\" id=\"wpforms-6905-field_23_2\" name=\"wpforms[fields][23]\" value=\"Firma\/Organisasjon\" aria-errormessage=\"wpforms-6905-field_23_2-error\"  ><label class=\"wpforms-field-label-inline\" for=\"wpforms-6905-field_23_2\">Firma\/Organisasjon<\/label><\/li><\/ul><\/fieldset><\/div><div id=\"wpforms-6905-field_24-container\" class=\"wpforms-field wpforms-field-text wpforms-conditional-field wpforms-conditional-show\" data-field-id=\"24\" style=\"display:none;\"><label class=\"wpforms-field-label\" for=\"wpforms-6905-field_24\">Firmanamn<\/label><input type=\"text\" id=\"wpforms-6905-field_24\" class=\"wpforms-field-medium\" name=\"wpforms[fields][24]\" aria-errormessage=\"wpforms-6905-field_24-error\" ><\/div><div id=\"wpforms-6905-field_0-container\" class=\"wpforms-field wpforms-field-name\" data-field-id=\"0\"><label class=\"wpforms-field-label\" for=\"wpforms-6905-field_0\">Kontaktperson <span class=\"wpforms-required-label\" aria-hidden=\"true\">*<\/span><\/label><input type=\"text\" id=\"wpforms-6905-field_0\" class=\"wpforms-field-medium wpforms-field-required\" name=\"wpforms[fields][0]\" aria-errormessage=\"wpforms-6905-field_0-error\" required><\/div><div id=\"wpforms-6905-field_25-container\" class=\"wpforms-field wpforms-field-email\" data-field-id=\"25\"><fieldset><legend class=\"wpforms-field-label\">Epost <span class=\"wpforms-required-label\" aria-hidden=\"true\">*<\/span><\/legend><div class=\"wpforms-field-row wpforms-field-medium\"><div class=\"wpforms-field-row-block wpforms-one-half wpforms-first\"><input type=\"email\" id=\"wpforms-6905-field_25\" class=\"wpforms-field-required wpforms-field-email-primary\" name=\"wpforms[fields][25][primary]\" spellcheck=\"false\" aria-errormessage=\"wpforms-6905-field_25-error\" required><label for=\"wpforms-6905-field_25\" class=\"wpforms-field-sublabel after\">Email<\/label><\/div><div class=\"wpforms-field-row-block wpforms-one-half\"><input type=\"email\" id=\"wpforms-6905-field_25-secondary\" class=\"wpforms-field-email-secondary wpforms-field-required\" data-rule-confirm=\"#wpforms-6905-field_25\" name=\"wpforms[fields][25][secondary]\" spellcheck=\"false\" aria-errormessage=\"wpforms-6905-field_25-secondary-error\" required><label for=\"wpforms-6905-field_25-secondary\" class=\"wpforms-field-sublabel after\">Confirm Email<\/label><\/div><\/div><\/fieldset><\/div><div id=\"wpforms-6905-field_26-container\" class=\"wpforms-field wpforms-field-phone\" data-field-id=\"26\"><label class=\"wpforms-field-label\" for=\"wpforms-6905-field_26\">Phone<\/label><input type=\"tel\" id=\"wpforms-6905-field_26\" class=\"wpforms-field-medium wpforms-smart-phone-field\" data-rule-smart-phone-field=\"true\" name=\"wpforms[fields][26]\" aria-label=\"Phone\" aria-errormessage=\"wpforms-6905-field_26-error\" ><\/div><div id=\"wpforms-6905-field_27-container\" class=\"wpforms-field wpforms-field-textarea\" data-field-id=\"27\"><label class=\"wpforms-field-label\" for=\"wpforms-6905-field_27\">Melding <span class=\"wpforms-required-label\" aria-hidden=\"true\">*<\/span><\/label><textarea id=\"wpforms-6905-field_27\" class=\"wpforms-field-medium wpforms-field-required\" name=\"wpforms[fields][27]\" aria-errormessage=\"wpforms-6905-field_27-error\" required><\/textarea><\/div><\/div><!-- .wpforms-field-container --><div class=\"wpforms-recaptcha-container wpforms-is-recaptcha wpforms-is-recaptcha-type-v3\" ><input type=\"hidden\" name=\"wpforms[recaptcha]\" value=\"\"><\/div><div class=\"wpforms-submit-container\" ><input type=\"hidden\" name=\"wpforms[id]\" value=\"6905\"><input type=\"hidden\" name=\"page_title\" value=\"\"><input type=\"hidden\" name=\"page_url\" value=\"https:\/\/christian-gaard.no\/en\/wp-json\/wp\/v2\/pages\/10309\"><input type=\"hidden\" name=\"url_referer\" value=\"\"><button type=\"submit\" name=\"wpforms[submit]\" id=\"wpforms-submit-6905\" class=\"wpforms-submit\" data-alt-text=\"Sender...\" data-submit-text=\"Send\" aria-live=\"assertive\" value=\"wpforms-submit\">Send<\/button><img decoding=\"async\" src=\"https:\/\/christian-gaard.no\/wp-content\/plugins\/wpforms\/assets\/images\/submit-spin.svg\" class=\"wpforms-submit-spinner\" style=\"display: none;\" width=\"26\" height=\"26\" alt=\"Loading\"><\/div><\/form><\/div>  <!-- .wpforms-container --><\/div>\n\t\t\t\t\t\t<\/div>\n\t\t\t\t<\/div>\n\t\t\t\t<\/div>\n\t\t<div class=\"elementor-element elementor-element-57de1d0 e-con-full e-flex syd-sticky-section-no e-con e-child\" data-id=\"57de1d0\" data-element_type=\"container\" data-e-type=\"container\">\n\t\t\t\t<div class=\"elementor-element elementor-element-91fedb7 syd-sticky-section-no elementor-widget elementor-widget-heading\" data-id=\"91fedb7\" data-element_type=\"widget\" data-e-type=\"widget\" data-widget_type=\"heading.default\">\n\t\t\t\t<div class=\"elementor-widget-container\">\n\t\t\t\t\t<h2 class=\"elementor-heading-title elementor-size-default\">Transportation between\nUrke-S\u00e6b\u00f8-Trandal<\/h2>\t\t\t\t<\/div>\n\t\t\t\t<\/div>\n\t\t\t\t<div class=\"elementor-element elementor-element-d0dd7e5 syd-sticky-section-no elementor-widget elementor-widget-image\" data-id=\"d0dd7e5\" data-element_type=\"widget\" data-e-type=\"widget\" data-widget_type=\"image.default\">\n\t\t\t\t<div class=\"elementor-widget-container\">\n\t\t\t\t\t\t\t\t\t\t\t\t\t\t\t<img fetchpriority=\"high\" decoding=\"async\" width=\"1024\" height=\"182\" src=\"https:\/\/christian-gaard.no\/wp-content\/uploads\/linje-1-1024x182.png\" class=\"attachment-large size-large wp-image-10050\" alt=\"\" srcset=\"https:\/\/christian-gaard.no\/wp-content\/uploads\/linje-1-1024x182.png 1024w, https:\/\/christian-gaard.no\/wp-content\/uploads\/linje-1-300x53.png 300w, https:\/\/christian-gaard.no\/wp-content\/uploads\/linje-1-768x137.png 768w, https:\/\/christian-gaard.no\/wp-content\/uploads\/linje-1-1000x178.png 1000w, https:\/\/christian-gaard.no\/wp-content\/uploads\/linje-1-230x41.png 230w, https:\/\/christian-gaard.no\/wp-content\/uploads\/linje-1-350x62.png 350w, https:\/\/christian-gaard.no\/wp-content\/uploads\/linje-1-480x85.png 480w, https:\/\/christian-gaard.no\/wp-content\/uploads\/linje-1-800x142.png 800w, https:\/\/christian-gaard.no\/wp-content\/uploads\/linje-1.png 1332w\" sizes=\"(max-width: 1024px) 100vw, 1024px\" \/>\t\t\t\t\t\t\t\t\t\t\t\t\t\t\t<\/div>\n\t\t\t\t<\/div>\n\t\t\t\t<div class=\"elementor-element elementor-element-300b2f2 syd-sticky-section-no elementor-widget elementor-widget-text-editor\" data-id=\"300b2f2\" data-element_type=\"widget\" data-e-type=\"widget\" data-widget_type=\"text-editor.default\">\n\t\t\t\t<div class=\"elementor-widget-container\">\n\t\t\t\t\t\t\t\t\t<p>If you want boat transportation between the villages Urke, S\u00e6b\u00f8 and Trandal, you can buy tickets from our website with Vipps \/ Bank card. Schedules and tickets can be found on the page for &#8220;Bygdehopping&#8221; <\/p>\t\t\t\t\t\t\t\t<\/div>\n\t\t\t\t<\/div>\n\t\t\t\t<div class=\"elementor-element elementor-element-d56a362 elementor-align-center elementor-button-warning syd-sticky-section-no elementor-widget elementor-widget-button\" data-id=\"d56a362\" data-element_type=\"widget\" data-e-type=\"widget\" data-widget_type=\"button.default\">\n\t\t\t\t<div class=\"elementor-widget-container\">\n\t\t\t\t\t\t\t\t\t<div class=\"elementor-button-wrapper\">\n\t\t\t\t\t<a class=\"elementor-button elementor-button-link elementor-size-md\" href=\"https:\/\/christian-gaard.no\/skyssbat\/bygdehopping\/\">\n\t\t\t\t\t\t<span class=\"elementor-button-content-wrapper\">\n\t\t\t\t\t\t\t\t\t<span class=\"elementor-button-text\">Read more<\/span>\n\t\t\t\t\t<\/span>\n\t\t\t\t\t<\/a>\n\t\t\t\t<\/div>\n\t\t\t\t\t\t\t\t<\/div>\n\t\t\t\t<\/div>\n\t\t\t\t<div class=\"elementor-element elementor-element-2c2a959 syd-sticky-section-no elementor-widget elementor-widget-spacer\" data-id=\"2c2a959\" data-element_type=\"widget\" data-e-type=\"widget\" data-widget_type=\"spacer.default\">\n\t\t\t\t<div class=\"elementor-widget-container\">\n\t\t\t\t\t\t\t<div class=\"elementor-spacer\">\n\t\t\t<div class=\"elementor-spacer-inner\"><\/div>\n\t\t<\/div>\n\t\t\t\t\t\t<\/div>\n\t\t\t\t<\/div>\n\t\t\t\t<div class=\"elementor-element elementor-element-e00c9a1 syd-sticky-section-no elementor-widget elementor-widget-heading\" data-id=\"e00c9a1\" data-element_type=\"widget\" data-e-type=\"widget\" data-widget_type=\"heading.default\">\n\t\t\t\t<div class=\"elementor-widget-container\">\n\t\t\t\t\t<h2 class=\"elementor-heading-title elementor-size-default\">Table reservation<\/h2>\t\t\t\t<\/div>\n\t\t\t\t<\/div>\n\t\t\t\t<div class=\"elementor-element elementor-element-7633b73 syd-sticky-section-no elementor-widget elementor-widget-image\" data-id=\"7633b73\" data-element_type=\"widget\" data-e-type=\"widget\" data-widget_type=\"image.default\">\n\t\t\t\t<div class=\"elementor-widget-container\">\n\t\t\t\t\t\t\t\t\t\t\t\t\t\t\t<img fetchpriority=\"high\" decoding=\"async\" width=\"1024\" height=\"182\" src=\"https:\/\/christian-gaard.no\/wp-content\/uploads\/linje-1-1024x182.png\" class=\"attachment-large size-large wp-image-10050\" alt=\"\" srcset=\"https:\/\/christian-gaard.no\/wp-content\/uploads\/linje-1-1024x182.png 1024w, https:\/\/christian-gaard.no\/wp-content\/uploads\/linje-1-300x53.png 300w, https:\/\/christian-gaard.no\/wp-content\/uploads\/linje-1-768x137.png 768w, https:\/\/christian-gaard.no\/wp-content\/uploads\/linje-1-1000x178.png 1000w, https:\/\/christian-gaard.no\/wp-content\/uploads\/linje-1-230x41.png 230w, https:\/\/christian-gaard.no\/wp-content\/uploads\/linje-1-350x62.png 350w, https:\/\/christian-gaard.no\/wp-content\/uploads\/linje-1-480x85.png 480w, https:\/\/christian-gaard.no\/wp-content\/uploads\/linje-1-800x142.png 800w, https:\/\/christian-gaard.no\/wp-content\/uploads\/linje-1.png 1332w\" sizes=\"(max-width: 1024px) 100vw, 1024px\" \/>\t\t\t\t\t\t\t\t\t\t\t\t\t\t\t<\/div>\n\t\t\t\t<\/div>\n\t\t\t\t<div class=\"elementor-element elementor-element-82b3583 syd-sticky-section-no elementor-widget elementor-widget-text-editor\" data-id=\"82b3583\" data-element_type=\"widget\" data-e-type=\"widget\" data-widget_type=\"text-editor.default\">\n\t\t\t\t<div class=\"elementor-widget-container\">\n\t\t\t\t\t\t\t\t\t<p style=\"text-align: left;\">Reserve a table directly on our website by clicking the button below<\/p>\t\t\t\t\t\t\t\t<\/div>\n\t\t\t\t<\/div>\n\t\t\t\t<div class=\"elementor-element elementor-element-8cf0af7 elementor-align-center elementor-button-warning syd-sticky-section-no elementor-widget elementor-widget-button\" data-id=\"8cf0af7\" data-element_type=\"widget\" data-e-type=\"widget\" data-widget_type=\"button.default\">\n\t\t\t\t<div class=\"elementor-widget-container\">\n\t\t\t\t\t\t\t\t\t<div class=\"elementor-button-wrapper\">\n\t\t\t\t\t<a class=\"elementor-button elementor-button-link elementor-size-md\" href=\"https:\/\/christian-gaard.no\/kontakt-oss\/bordreservasjon\/\">\n\t\t\t\t\t\t<span class=\"elementor-button-content-wrapper\">\n\t\t\t\t\t\t\t\t\t<span class=\"elementor-button-text\">Reserve a table<\/span>\n\t\t\t\t\t<\/span>\n\t\t\t\t\t<\/a>\n\t\t\t\t<\/div>\n\t\t\t\t\t\t\t\t<\/div>\n\t\t\t\t<\/div>\n\t\t\t\t<\/div>\n\t\t\t\t\t<\/div>\n\t\t\t\t<\/div>\n\t\t<div class=\"elementor-element elementor-element-54ff923 e-flex e-con-boxed syd-sticky-section-no e-con e-parent\" data-id=\"54ff923\" data-element_type=\"container\" data-e-type=\"container\">\n\t\t\t\t\t<div class=\"e-con-inner\">\n\t\t\t\t<div class=\"elementor-element elementor-element-1e7196d syd-sticky-section-no elementor-widget elementor-widget-spacer\" data-id=\"1e7196d\" data-element_type=\"widget\" data-e-type=\"widget\" data-widget_type=\"spacer.default\">\n\t\t\t\t<div class=\"elementor-widget-container\">\n\t\t\t\t\t\t\t<div class=\"elementor-spacer\">\n\t\t\t<div class=\"elementor-spacer-inner\"><\/div>\n\t\t<\/div>\n\t\t\t\t\t\t<\/div>\n\t\t\t\t<\/div>\n\t\t\t\t\t<\/div>\n\t\t\t\t<\/div>\n\t\t\t\t<\/div>\n\t\t","protected":false},"excerpt":{"rendered":"<p>Transportation between Urke-S\u00e6b\u00f8-Trandal If you want boat transportation between the villages Urke, S\u00e6b\u00f8 and Trandal, you can buy tickets from our website [&hellip;]<\/p>\n","protected":false},"author":1,"featured_media":9974,"parent":10311,"menu_order":0,"comment_status":"closed","ping_status":"closed","template":"page-templates\/page_front-page.php","meta":{"footnotes":""},"class_list":["post-10309","page","type-page","status-publish","has-post-thumbnail","hentry"],"_links":{"self":[{"href":"https:\/\/christian-gaard.no\/en\/wp-json\/wp\/v2\/pages\/10309","targetHints":{"allow":["GET"]}}],"collection":[{"href":"https:\/\/christian-gaard.no\/en\/wp-json\/wp\/v2\/pages"}],"about":[{"href":"https:\/\/christian-gaard.no\/en\/wp-json\/wp\/v2\/types\/page"}],"author":[{"embeddable":true,"href":"https:\/\/christian-gaard.no\/en\/wp-json\/wp\/v2\/users\/1"}],"replies":[{"embeddable":true,"href":"https:\/\/christian-gaard.no\/en\/wp-json\/wp\/v2\/comments?post=10309"}],"version-history":[{"count":0,"href":"https:\/\/christian-gaard.no\/en\/wp-json\/wp\/v2\/pages\/10309\/revisions"}],"up":[{"embeddable":true,"href":"https:\/\/christian-gaard.no\/en\/wp-json\/wp\/v2\/pages\/10311"}],"wp:featuredmedia":[{"embeddable":true,"href":"https:\/\/christian-gaard.no\/en\/wp-json\/wp\/v2\/media\/9974"}],"wp:attachment":[{"href":"https:\/\/christian-gaard.no\/en\/wp-json\/wp\/v2\/media?parent=10309"}],"curies":[{"name":"wp","href":"https:\/\/api.w.org\/{rel}","templated":true}]}}