{"id":10298,"date":"2025-04-16T02:48:40","date_gmt":"2025-04-16T00:48:40","guid":{"rendered":"https:\/\/christian-gaard.no\/activities\/kvalsafari-in-tromso\/"},"modified":"2025-04-17T16:08:08","modified_gmt":"2025-04-17T14:08:08","slug":"kvalsafari-in-tromso","status":"publish","type":"page","link":"https:\/\/christian-gaard.no\/en\/activities\/kvalsafari-in-tromso\/","title":{"rendered":"Whale safari in Troms\u00f8"},"content":{"rendered":"\t\t<div data-elementor-type=\"wp-page\" data-elementor-id=\"10298\" class=\"elementor elementor-10298 elementor-10155\" data-elementor-post-type=\"page\">\n\t\t\t\t<div class=\"elementor-element elementor-element-08cab8e e-flex e-con-boxed syd-sticky-section-no e-con e-parent\" data-id=\"08cab8e\" data-element_type=\"container\" data-e-type=\"container\">\n\t\t\t\t\t<div class=\"e-con-inner\">\n\t\t<div class=\"elementor-element elementor-element-f6273c4 e-con-full e-flex syd-sticky-section-no e-con e-child\" data-id=\"f6273c4\" data-element_type=\"container\" data-e-type=\"container\">\n\t\t\t\t<div class=\"elementor-element elementor-element-99d842c syd-sticky-section-no elementor-widget elementor-widget-spacer\" data-id=\"99d842c\" data-element_type=\"widget\" data-e-type=\"widget\" data-widget_type=\"spacer.default\">\n\t\t\t\t<div class=\"elementor-widget-container\">\n\t\t\t\t\t\t\t<div class=\"elementor-spacer\">\n\t\t\t<div class=\"elementor-spacer-inner\"><\/div>\n\t\t<\/div>\n\t\t\t\t\t\t<\/div>\n\t\t\t\t<\/div>\n\t\t\t\t<\/div>\n\t\t\t\t\t<\/div>\n\t\t\t\t<\/div>\n\t\t<div class=\"elementor-element elementor-element-29500c6 e-flex e-con-boxed syd-sticky-section-no e-con e-parent\" data-id=\"29500c6\" data-element_type=\"container\" data-e-type=\"container\">\n\t\t\t\t\t<div class=\"e-con-inner\">\n\t\t<div class=\"elementor-element elementor-element-baf6e53 e-con-full e-flex syd-sticky-section-no e-con e-child\" data-id=\"baf6e53\" data-element_type=\"container\" data-e-type=\"container\">\n\t\t\t\t<div class=\"elementor-element elementor-element-bd7f85b elementor-widget__width-initial syd-sticky-section-no elementor-widget elementor-widget-text-editor\" data-id=\"bd7f85b\" data-element_type=\"widget\" data-e-type=\"widget\" data-widget_type=\"text-editor.default\">\n\t\t\t\t<div class=\"elementor-widget-container\">\n\t\t\t\t\t\t\t\t\t<p>Join MS Sylvkallen on a cruise from the center of Troms\u00f8 up past Lyngsalpane to Skjerv\u00f8y and Kv\u00e6nangen and experience killer whales, humpback whales and fin whales in their natural habitat &#8211; along with the northern lights and spectacular scenery.  <\/p><p>We collaborate with Njord Adventures in Troms\u00f8, which is responsible for the logistics and a highly experienced and knowledgeable guide. We provide the fastest closed and warm boat in the Troms\u00f8 area so that you are warm and comfortable when we arrive at the destination.   <\/p><p>Coffee, tea, biscuits and soup are included in the price. Anna drinks and snacks are available for purchase on board. <\/p><h5><b>More info and ticket booking can be found on Njord Adventures&#8217; website<\/b><\/h5>\t\t\t\t\t\t\t\t<\/div>\n\t\t\t\t<\/div>\n\t\t\t\t<div class=\"elementor-element elementor-element-72b4c0e elementor-align-center elementor-button-warning syd-sticky-section-no elementor-widget elementor-widget-button\" data-id=\"72b4c0e\" data-element_type=\"widget\" data-e-type=\"widget\" data-widget_type=\"button.default\">\n\t\t\t\t<div class=\"elementor-widget-container\">\n\t\t\t\t\t\t\t\t\t<div class=\"elementor-button-wrapper\">\n\t\t\t\t\t<a class=\"elementor-button elementor-button-link elementor-size-sm\" href=\"https:\/\/njordadventures.com\/\">\n\t\t\t\t\t\t<span class=\"elementor-button-content-wrapper\">\n\t\t\t\t\t\t<span class=\"elementor-button-icon\">\n\t\t\t\t<i aria-hidden=\"true\" class=\"fas fa-external-link-alt\"><\/i>\t\t\t<\/span>\n\t\t\t\t\t\t\t\t\t<span class=\"elementor-button-text\">Njord Adventures<\/span>\n\t\t\t\t\t<\/span>\n\t\t\t\t\t<\/a>\n\t\t\t\t<\/div>\n\t\t\t\t\t\t\t\t<\/div>\n\t\t\t\t<\/div>\n\t\t\t\t<\/div>\n\t\t<div class=\"elementor-element elementor-element-1d72531 e-con-full e-flex syd-sticky-section-no e-con e-child\" data-id=\"1d72531\" data-element_type=\"container\" data-e-type=\"container\">\n\t\t\t\t<div class=\"elementor-element elementor-element-a0f8395 syd-sticky-section-no elementor-widget elementor-widget-image\" data-id=\"a0f8395\" data-element_type=\"widget\" data-e-type=\"widget\" data-widget_type=\"image.default\">\n\t\t\t\t<div class=\"elementor-widget-container\">\n\t\t\t\t\t\t\t\t\t\t\t\t\t\t\t<img fetchpriority=\"high\" decoding=\"async\" width=\"1024\" height=\"769\" src=\"https:\/\/christian-gaard.no\/wp-content\/uploads\/PXL_20250105_1128272993-scaled-e1741032280600-1024x769.jpg\" class=\"attachment-large size-large wp-image-10130\" alt=\"\" srcset=\"https:\/\/christian-gaard.no\/wp-content\/uploads\/PXL_20250105_1128272993-scaled-e1741032280600-1024x769.jpg 1024w, https:\/\/christian-gaard.no\/wp-content\/uploads\/PXL_20250105_1128272993-scaled-e1741032280600-300x225.jpg 300w, https:\/\/christian-gaard.no\/wp-content\/uploads\/PXL_20250105_1128272993-scaled-e1741032280600-768x577.jpg 768w, https:\/\/christian-gaard.no\/wp-content\/uploads\/PXL_20250105_1128272993-scaled-e1741032280600-1536x1154.jpg 1536w, https:\/\/christian-gaard.no\/wp-content\/uploads\/PXL_20250105_1128272993-scaled-e1741032280600-1000x751.jpg 1000w, https:\/\/christian-gaard.no\/wp-content\/uploads\/PXL_20250105_1128272993-scaled-e1741032280600-230x173.jpg 230w, https:\/\/christian-gaard.no\/wp-content\/uploads\/PXL_20250105_1128272993-scaled-e1741032280600-350x263.jpg 350w, https:\/\/christian-gaard.no\/wp-content\/uploads\/PXL_20250105_1128272993-scaled-e1741032280600-480x361.jpg 480w, https:\/\/christian-gaard.no\/wp-content\/uploads\/PXL_20250105_1128272993-scaled-e1741032280600-800x601.jpg 800w, https:\/\/christian-gaard.no\/wp-content\/uploads\/PXL_20250105_1128272993-scaled-e1741032280600.jpg 1886w\" sizes=\"(max-width: 1024px) 100vw, 1024px\" \/>\t\t\t\t\t\t\t\t\t\t\t\t\t\t\t<\/div>\n\t\t\t\t<\/div>\n\t\t\t\t<\/div>\n\t\t\t\t\t<\/div>\n\t\t\t\t<\/div>\n\t\t<div class=\"elementor-element elementor-element-0edd6dc e-flex e-con-boxed syd-sticky-section-no e-con e-parent\" data-id=\"0edd6dc\" data-element_type=\"container\" data-e-type=\"container\">\n\t\t\t\t\t<div class=\"e-con-inner\">\n\t\t\t\t<div class=\"elementor-element elementor-element-9063bf3 syd-sticky-section-no elementor-widget elementor-widget-spacer\" data-id=\"9063bf3\" data-element_type=\"widget\" data-e-type=\"widget\" data-widget_type=\"spacer.default\">\n\t\t\t\t<div class=\"elementor-widget-container\">\n\t\t\t\t\t\t\t<div class=\"elementor-spacer\">\n\t\t\t<div class=\"elementor-spacer-inner\"><\/div>\n\t\t<\/div>\n\t\t\t\t\t\t<\/div>\n\t\t\t\t<\/div>\n\t\t\t\t\t<\/div>\n\t\t\t\t<\/div>\n\t\t<div class=\"elementor-element elementor-element-ac8f7a9 e-flex e-con-boxed syd-sticky-section-no e-con e-parent\" data-id=\"ac8f7a9\" data-element_type=\"container\" data-e-type=\"container\">\n\t\t\t\t\t<div class=\"e-con-inner\">\n\t\t\t\t<div class=\"elementor-element elementor-element-149ffb3 syd-sticky-section-no elementor-widget elementor-widget-image\" data-id=\"149ffb3\" data-element_type=\"widget\" data-e-type=\"widget\" data-widget_type=\"image.default\">\n\t\t\t\t<div class=\"elementor-widget-container\">\n\t\t\t\t\t\t\t\t\t\t\t\t\t\t\t<img decoding=\"async\" width=\"1024\" height=\"576\" src=\"https:\/\/christian-gaard.no\/wp-content\/uploads\/sylvkallen_knolkval-2-1024x576.jpg\" class=\"attachment-large size-large wp-image-10131\" alt=\"\" srcset=\"https:\/\/christian-gaard.no\/wp-content\/uploads\/sylvkallen_knolkval-2-1024x576.jpg 1024w, https:\/\/christian-gaard.no\/wp-content\/uploads\/sylvkallen_knolkval-2-300x169.jpg 300w, https:\/\/christian-gaard.no\/wp-content\/uploads\/sylvkallen_knolkval-2-768x432.jpg 768w, https:\/\/christian-gaard.no\/wp-content\/uploads\/sylvkallen_knolkval-2-1536x864.jpg 1536w, https:\/\/christian-gaard.no\/wp-content\/uploads\/sylvkallen_knolkval-2-1000x563.jpg 1000w, https:\/\/christian-gaard.no\/wp-content\/uploads\/sylvkallen_knolkval-2-230x129.jpg 230w, https:\/\/christian-gaard.no\/wp-content\/uploads\/sylvkallen_knolkval-2-350x197.jpg 350w, https:\/\/christian-gaard.no\/wp-content\/uploads\/sylvkallen_knolkval-2-480x270.jpg 480w, https:\/\/christian-gaard.no\/wp-content\/uploads\/sylvkallen_knolkval-2-800x450.jpg 800w, https:\/\/christian-gaard.no\/wp-content\/uploads\/sylvkallen_knolkval-2.jpg 1920w\" sizes=\"(max-width: 1024px) 100vw, 1024px\" \/>\t\t\t\t\t\t\t\t\t\t\t\t\t\t\t<\/div>\n\t\t\t\t<\/div>\n\t\t\t\t\t<\/div>\n\t\t\t\t<\/div>\n\t\t\t\t<\/div>\n\t\t","protected":false},"excerpt":{"rendered":"<p>Join MS Sylvkallen on a cruise from the center of Troms\u00f8 up past Lyngsalpane to Skjerv\u00f8y and Kv\u00e6nangen and experience killer whales, [&hellip;]<\/p>\n","protected":false},"author":1,"featured_media":10064,"parent":10281,"menu_order":0,"comment_status":"closed","ping_status":"closed","template":"page-templates\/page_front-page.php","meta":{"footnotes":""},"class_list":["post-10298","page","type-page","status-publish","has-post-thumbnail","hentry"],"_links":{"self":[{"href":"https:\/\/christian-gaard.no\/en\/wp-json\/wp\/v2\/pages\/10298","targetHints":{"allow":["GET"]}}],"collection":[{"href":"https:\/\/christian-gaard.no\/en\/wp-json\/wp\/v2\/pages"}],"about":[{"href":"https:\/\/christian-gaard.no\/en\/wp-json\/wp\/v2\/types\/page"}],"author":[{"embeddable":true,"href":"https:\/\/christian-gaard.no\/en\/wp-json\/wp\/v2\/users\/1"}],"replies":[{"embeddable":true,"href":"https:\/\/christian-gaard.no\/en\/wp-json\/wp\/v2\/comments?post=10298"}],"version-history":[{"count":0,"href":"https:\/\/christian-gaard.no\/en\/wp-json\/wp\/v2\/pages\/10298\/revisions"}],"up":[{"embeddable":true,"href":"https:\/\/christian-gaard.no\/en\/wp-json\/wp\/v2\/pages\/10281"}],"wp:featuredmedia":[{"embeddable":true,"href":"https:\/\/christian-gaard.no\/en\/wp-json\/wp\/v2\/media\/10064"}],"wp:attachment":[{"href":"https:\/\/christian-gaard.no\/en\/wp-json\/wp\/v2\/media?parent=10298"}],"curies":[{"name":"wp","href":"https:\/\/api.w.org\/{rel}","templated":true}]}}