{"id":10289,"date":"2025-04-16T02:48:23","date_gmt":"2025-04-16T00:48:23","guid":{"rendered":"https:\/\/christian-gaard.no\/information\/how-to-get-here\/"},"modified":"2025-04-16T04:25:33","modified_gmt":"2025-04-16T02:25:33","slug":"how-to-get-here","status":"publish","type":"page","link":"https:\/\/christian-gaard.no\/en\/information\/how-to-get-here\/","title":{"rendered":"How to get here"},"content":{"rendered":"\t\t<div data-elementor-type=\"wp-page\" data-elementor-id=\"10289\" class=\"elementor elementor-10289 elementor-10169\" data-elementor-post-type=\"page\">\n\t\t\t\t<div class=\"elementor-element elementor-element-e3be737 e-con-full e-flex syd-sticky-section-no e-con e-parent\" data-id=\"e3be737\" data-element_type=\"container\" data-e-type=\"container\">\n\t\t\t\t<\/div>\n\t\t<div class=\"elementor-element elementor-element-78d4f8a e-flex e-con-boxed syd-sticky-section-no e-con e-parent\" data-id=\"78d4f8a\" data-element_type=\"container\" data-e-type=\"container\">\n\t\t\t\t\t<div class=\"e-con-inner\">\n\t\t<div class=\"elementor-element elementor-element-cd10764 e-con-full e-flex syd-sticky-section-no e-con e-child\" data-id=\"cd10764\" data-element_type=\"container\" data-e-type=\"container\">\n\t\t\t\t<div class=\"elementor-element elementor-element-1014b34 syd-sticky-section-no elementor-widget elementor-widget-spacer\" data-id=\"1014b34\" data-element_type=\"widget\" data-e-type=\"widget\" data-widget_type=\"spacer.default\">\n\t\t\t\t<div class=\"elementor-widget-container\">\n\t\t\t\t\t\t\t<div class=\"elementor-spacer\">\n\t\t\t<div class=\"elementor-spacer-inner\"><\/div>\n\t\t<\/div>\n\t\t\t\t\t\t<\/div>\n\t\t\t\t<\/div>\n\t\t\t\t<div class=\"elementor-element elementor-element-d2125a1 syd-sticky-section-no elementor-widget elementor-widget-text-editor\" data-id=\"d2125a1\" data-element_type=\"widget\" data-e-type=\"widget\" data-widget_type=\"text-editor.default\">\n\t\t\t\t<div class=\"elementor-widget-container\">\n\t\t\t\t\t\t\t\t\t<p>Trandal is a small, safe and pleasant village &#8211; right in the heart of the Hj\u00f8rundfjord and the Sunnm\u00f8re Alps. We have several kilometers of road, but if you want to get here, you have to grab your feet, throw the ropes, rent a shuttle boat or come with the ferry that runs up to several times a day. <\/p>\n<p>Even us locals can struggle to understand the ferry schedule. And we know how nice it is to be picked up in the valley after a long hike, when you feet are sore and the thought of a freshly drafted beer is too strong. <\/p>\n<p>Here you will find information to help you plan your visit here<\/p>\t\t\t\t\t\t\t\t<\/div>\n\t\t\t\t<\/div>\n\t\t\t\t<div class=\"elementor-element elementor-element-6a790d5 syd-sticky-section-no elementor-widget elementor-widget-spacer\" data-id=\"6a790d5\" data-element_type=\"widget\" data-e-type=\"widget\" data-widget_type=\"spacer.default\">\n\t\t\t\t<div class=\"elementor-widget-container\">\n\t\t\t\t\t\t\t<div class=\"elementor-spacer\">\n\t\t\t<div class=\"elementor-spacer-inner\"><\/div>\n\t\t<\/div>\n\t\t\t\t\t\t<\/div>\n\t\t\t\t<\/div>\n\t\t\t\t<\/div>\n\t\t\t\t\t<\/div>\n\t\t\t\t<\/div>\n\t\t<div class=\"elementor-element elementor-element-b359061 e-flex e-con-boxed syd-sticky-section-no e-con e-parent\" data-id=\"b359061\" data-element_type=\"container\" data-e-type=\"container\">\n\t\t\t\t\t<div class=\"e-con-inner\">\n\t\t<div class=\"elementor-element elementor-element-282331e e-con-full e-flex syd-sticky-section-no e-con e-child\" data-id=\"282331e\" data-element_type=\"container\" data-e-type=\"container\">\n\t\t\t\t<div class=\"elementor-element elementor-element-6aff2a2 syd-sticky-section-no elementor-widget elementor-widget-heading\" data-id=\"6aff2a2\" data-element_type=\"widget\" data-e-type=\"widget\" data-widget_type=\"heading.default\">\n\t\t\t\t<div class=\"elementor-widget-container\">\n\t\t\t\t\t<h2 class=\"elementor-heading-title elementor-size-default\">Taxi boat or with your own boat<\/h2>\t\t\t\t<\/div>\n\t\t\t\t<\/div>\n\t\t\t\t<div class=\"elementor-element elementor-element-a863529 syd-sticky-section-no elementor-widget elementor-widget-image\" data-id=\"a863529\" data-element_type=\"widget\" data-e-type=\"widget\" data-widget_type=\"image.default\">\n\t\t\t\t<div class=\"elementor-widget-container\">\n\t\t\t\t\t\t\t\t\t\t\t\t\t\t\t<img fetchpriority=\"high\" decoding=\"async\" width=\"1024\" height=\"182\" src=\"https:\/\/christian-gaard.no\/wp-content\/uploads\/linje-1-1024x182.png\" class=\"attachment-large size-large wp-image-10050\" alt=\"\" srcset=\"https:\/\/christian-gaard.no\/wp-content\/uploads\/linje-1-1024x182.png 1024w, https:\/\/christian-gaard.no\/wp-content\/uploads\/linje-1-300x53.png 300w, https:\/\/christian-gaard.no\/wp-content\/uploads\/linje-1-768x137.png 768w, https:\/\/christian-gaard.no\/wp-content\/uploads\/linje-1-1000x178.png 1000w, https:\/\/christian-gaard.no\/wp-content\/uploads\/linje-1-230x41.png 230w, https:\/\/christian-gaard.no\/wp-content\/uploads\/linje-1-350x62.png 350w, https:\/\/christian-gaard.no\/wp-content\/uploads\/linje-1-480x85.png 480w, https:\/\/christian-gaard.no\/wp-content\/uploads\/linje-1-800x142.png 800w, https:\/\/christian-gaard.no\/wp-content\/uploads\/linje-1.png 1332w\" sizes=\"(max-width: 1024px) 100vw, 1024px\" \/>\t\t\t\t\t\t\t\t\t\t\t\t\t\t\t<\/div>\n\t\t\t\t<\/div>\n\t\t\t\t<div class=\"elementor-element elementor-element-9f589ee syd-sticky-section-no elementor-widget elementor-widget-text-editor\" data-id=\"9f589ee\" data-element_type=\"widget\" data-e-type=\"widget\" data-widget_type=\"text-editor.default\">\n\t\t\t\t<div class=\"elementor-widget-container\">\n\t\t\t\t\t\t\t\t\t<p style=\"text-align: center;\">Are you arriving with your own boat or is looking for a taxi boat to bring you to and from Trandal?<\/p><p style=\"text-align: center;\">Check out <a href=\"https:\/\/christian-gaard.no\/en\/guest-harbour\">guest harbour<\/a> and <a href=\"https:\/\/christian-gaard.no\/en\/shuttle-boat\">taxi boat<\/a> for more information<\/p>\t\t\t\t\t\t\t\t<\/div>\n\t\t\t\t<\/div>\n\t\t\t\t<div class=\"elementor-element elementor-element-0c7df20 syd-sticky-section-no elementor-widget elementor-widget-spacer\" data-id=\"0c7df20\" data-element_type=\"widget\" data-e-type=\"widget\" id=\"ferjeruter\" data-widget_type=\"spacer.default\">\n\t\t\t\t<div class=\"elementor-widget-container\">\n\t\t\t\t\t\t\t<div class=\"elementor-spacer\">\n\t\t\t<div class=\"elementor-spacer-inner\"><\/div>\n\t\t<\/div>\n\t\t\t\t\t\t<\/div>\n\t\t\t\t<\/div>\n\t\t\t\t<\/div>\n\t\t\t\t\t<\/div>\n\t\t\t\t<\/div>\n\t\t<div class=\"elementor-element elementor-element-1567d30 e-flex e-con-boxed syd-sticky-section-no e-con e-parent\" data-id=\"1567d30\" data-element_type=\"container\" data-e-type=\"container\" data-settings=\"{&quot;background_background&quot;:&quot;classic&quot;}\">\n\t\t\t\t\t<div class=\"e-con-inner\">\n\t\t<div class=\"elementor-element elementor-element-f209e1d e-con-full e-flex syd-sticky-section-no e-con e-child\" data-id=\"f209e1d\" data-element_type=\"container\" data-e-type=\"container\">\n\t\t<div class=\"elementor-element elementor-element-e342bea e-con-full e-flex syd-sticky-section-no e-con e-child\" data-id=\"e342bea\" data-element_type=\"container\" data-e-type=\"container\">\n\t\t\t\t<div class=\"elementor-element elementor-element-6008d30 syd-sticky-section-no elementor-widget elementor-widget-spacer\" data-id=\"6008d30\" data-element_type=\"widget\" data-e-type=\"widget\" data-widget_type=\"spacer.default\">\n\t\t\t\t<div class=\"elementor-widget-container\">\n\t\t\t\t\t\t\t<div class=\"elementor-spacer\">\n\t\t\t<div class=\"elementor-spacer-inner\"><\/div>\n\t\t<\/div>\n\t\t\t\t\t\t<\/div>\n\t\t\t\t<\/div>\n\t\t\t\t<div class=\"elementor-element elementor-element-d9e1f22 syd-sticky-section-no elementor-widget elementor-widget-heading\" data-id=\"d9e1f22\" data-element_type=\"widget\" data-e-type=\"widget\" data-widget_type=\"heading.default\">\n\t\t\t\t<div class=\"elementor-widget-container\">\n\t\t\t\t\t<h2 class=\"elementor-heading-title elementor-size-default\">Ferry schedule<\/h2>\t\t\t\t<\/div>\n\t\t\t\t<\/div>\n\t\t\t\t<div class=\"elementor-element elementor-element-d8b6dbe syd-sticky-section-no elementor-widget elementor-widget-heading\" data-id=\"d8b6dbe\" data-element_type=\"widget\" data-e-type=\"widget\" data-widget_type=\"heading.default\">\n\t\t\t\t<div class=\"elementor-widget-container\">\n\t\t\t\t\t<h6 class=\"elementor-heading-title elementor-size-default\">Last updated:\n\n<table id=\"tablepress-16\" class=\"tablepress tablepress-id-16\">\n<tbody>\n<tr class=\"row-1\">\n\t<td class=\"column-1\">01.06.2025<\/td>\n<\/tr>\n<\/tbody>\n<\/table>\n<!-- #tablepress-16 from cache --><\/h6>\t\t\t\t<\/div>\n\t\t\t\t<\/div>\n\t\t\t\t<div class=\"elementor-element elementor-element-4e150fb syd-sticky-section-no elementor-widget elementor-widget-spacer\" data-id=\"4e150fb\" data-element_type=\"widget\" data-e-type=\"widget\" data-widget_type=\"spacer.default\">\n\t\t\t\t<div class=\"elementor-widget-container\">\n\t\t\t\t\t\t\t<div class=\"elementor-spacer\">\n\t\t\t<div class=\"elementor-spacer-inner\"><\/div>\n\t\t<\/div>\n\t\t\t\t\t\t<\/div>\n\t\t\t\t<\/div>\n\t\t\t\t<div class=\"elementor-element elementor-element-f6ab9d7 elementor-tabs-view-horizontal syd-sticky-section-no elementor-widget elementor-widget-tabs\" data-id=\"f6ab9d7\" data-element_type=\"widget\" data-e-type=\"widget\" data-widget_type=\"tabs.default\">\n\t\t\t\t<div class=\"elementor-widget-container\">\n\t\t\t\t\t\t\t<div class=\"elementor-tabs\">\n\t\t\t<div class=\"elementor-tabs-wrapper\" role=\"tablist\" >\n\t\t\t\t\t\t\t\t\t<div id=\"elementor-tab-title-2581\" class=\"elementor-tab-title elementor-tab-desktop-title\" aria-selected=\"true\" data-tab=\"1\" role=\"tab\" tabindex=\"0\" aria-controls=\"elementor-tab-content-2581\" aria-expanded=\"false\">Mon-Tue-Thu-Fri<\/div>\n\t\t\t\t\t\t\t\t\t<div id=\"elementor-tab-title-2582\" class=\"elementor-tab-title elementor-tab-desktop-title\" aria-selected=\"false\" data-tab=\"2\" role=\"tab\" tabindex=\"-1\" aria-controls=\"elementor-tab-content-2582\" aria-expanded=\"false\">Wednesday<\/div>\n\t\t\t\t\t\t\t\t\t<div id=\"elementor-tab-title-2583\" class=\"elementor-tab-title elementor-tab-desktop-title\" aria-selected=\"false\" data-tab=\"3\" role=\"tab\" tabindex=\"-1\" aria-controls=\"elementor-tab-content-2583\" aria-expanded=\"false\">Saturday<\/div>\n\t\t\t\t\t\t\t\t\t<div id=\"elementor-tab-title-2584\" class=\"elementor-tab-title elementor-tab-desktop-title\" aria-selected=\"false\" data-tab=\"4\" role=\"tab\" tabindex=\"-1\" aria-controls=\"elementor-tab-content-2584\" aria-expanded=\"false\">Sunday<\/div>\n\t\t\t\t\t\t\t<\/div>\n\t\t\t<div class=\"elementor-tabs-content-wrapper\" role=\"tablist\" aria-orientation=\"vertical\">\n\t\t\t\t\t\t\t\t\t<div class=\"elementor-tab-title elementor-tab-mobile-title\" aria-selected=\"true\" data-tab=\"1\" role=\"tab\" tabindex=\"0\" aria-controls=\"elementor-tab-content-2581\" aria-expanded=\"false\">Mon-Tue-Thu-Fri<\/div>\n\t\t\t\t\t<div id=\"elementor-tab-content-2581\" class=\"elementor-tab-content elementor-clearfix\" data-tab=\"1\" role=\"tabpanel\" aria-labelledby=\"elementor-tab-title-2581\" tabindex=\"0\" hidden=\"false\"><table>\n<tbody>\n<tr>\n<th>From Standal to Trandal:<\/th>\n<th>From Trandal to Standal<\/th>\n<\/tr>\n<\/tbody>\n<\/table>\n\n<table id=\"tablepress-7\" class=\"tablepress tablepress-id-7\">\n<tbody>\n<tr class=\"row-1\">\n\t<td class=\"column-1\">06:45 (1) | 07:40 | 13:10 | 15:45 | 18.45 | 20:00 (1)<\/td><td class=\"column-2\">07:05 (1) | 09:45 | 13:30 | 18:10 | 19.40 | 20:20 (1)<\/td>\n<\/tr>\n<\/tbody>\n<\/table>\n\n<table>\n<tbody>\n<tr>\n<th>From S\u00e6b\u00f8 to Trandal:<\/th>\n<th>From Trandal to S\u00e6b\u00f8<\/th>\n<\/tr>\n<\/tbody>\n<\/table>\n\n<table id=\"tablepress-8\" class=\"tablepress tablepress-id-8\">\n<tbody>\n<tr class=\"row-1\">\n\t<td class=\"column-1\">09:20 (1)  | 17.45 (1)<\/td><td class=\"column-2\">08:00 (1) | 16:25 (1)<\/td>\n<\/tr>\n<\/tbody>\n<\/table>\n\n<ol>\n<li>The ferry must be notified 60 minutes before departure. (Not necessary in June, July and August)  <\/li>\n<\/ol>\n<p>The phone number to the ferry:<br \/>\n<table id=\"tablepress-9\" class=\"tablepress tablepress-id-9\">\n<thead>\n<tr class=\"row-1\">\n\t<th class=\"column-1\">+47 916 69 340<\/th>\n<\/tr>\n<\/thead>\n<tbody>\n<\/tbody>\n<\/table>\n<\/p>\n<\/div>\n\t\t\t\t\t\t\t\t\t<div class=\"elementor-tab-title elementor-tab-mobile-title\" aria-selected=\"false\" data-tab=\"2\" role=\"tab\" tabindex=\"-1\" aria-controls=\"elementor-tab-content-2582\" aria-expanded=\"false\">Wednesday<\/div>\n\t\t\t\t\t<div id=\"elementor-tab-content-2582\" class=\"elementor-tab-content elementor-clearfix\" data-tab=\"2\" role=\"tabpanel\" aria-labelledby=\"elementor-tab-title-2582\" tabindex=\"0\" hidden=\"hidden\"><table>\n<tbody>\n<tr>\n<th>From Standal to Trandal:<\/th>\n<th>From Trandal to Standal<\/th>\n<\/tr>\n<\/tbody>\n<\/table>\n\n<table id=\"tablepress-10\" class=\"tablepress tablepress-id-10\">\n<tbody>\n<tr class=\"row-1\">\n\t<td class=\"column-1\">07:40 | 14:50 | 15:45<\/td><td class=\"column-2\">08.00 | 15.15 | 16:30<\/td>\n<\/tr>\n<\/tbody>\n<\/table>\n\n<table>\n<tbody>\n<tr>\n<th>From S\u00e6b\u00f8 to Trandal:<\/th>\n<th>From Trandal to S\u00e6b\u00f8<\/th>\n<\/tr>\n<\/tbody>\n<\/table>\n\n<table id=\"tablepress-11\" class=\"tablepress tablepress-id-11\">\n<tbody>\n<tr class=\"row-1\">\n\t<td class=\"column-1\">Ingen ferjer fr\u00e5 S\u00e6b\u00f8 denne dagen diverre<\/td><td class=\"column-2\">Ingen ferjer til S\u00e6b\u00f8 denne dagen diverre<\/td>\n<\/tr>\n<\/tbody>\n<\/table>\n\n<ol>\n<li>The ferry must be notified 60 minutes before departure. (Not necessary in June, July and August)  <\/li>\n<\/ol>\n<p>The phone number to the ferry:<br \/>\n<table id=\"tablepress-9-no-2\" class=\"tablepress tablepress-id-9\">\n<thead>\n<tr class=\"row-1\">\n\t<th class=\"column-1\">+47 916 69 340<\/th>\n<\/tr>\n<\/thead>\n<tbody>\n<\/tbody>\n<\/table>\n<\/p>\n<\/div>\n\t\t\t\t\t\t\t\t\t<div class=\"elementor-tab-title elementor-tab-mobile-title\" aria-selected=\"false\" data-tab=\"3\" role=\"tab\" tabindex=\"-1\" aria-controls=\"elementor-tab-content-2583\" aria-expanded=\"false\">Saturday<\/div>\n\t\t\t\t\t<div id=\"elementor-tab-content-2583\" class=\"elementor-tab-content elementor-clearfix\" data-tab=\"3\" role=\"tabpanel\" aria-labelledby=\"elementor-tab-title-2583\" tabindex=\"0\" hidden=\"hidden\"><table>\n<tbody>\n<tr>\n<th>From Standal to Trandal:<\/th>\n<th>From Trandal to Standal<\/th>\n<\/tr>\n<\/tbody>\n<\/table>\n\n<table id=\"tablepress-12\" class=\"tablepress tablepress-id-12\">\n<tbody>\n<tr class=\"row-1\">\n\t<td class=\"column-1\">07:40 | 16:05 | 18:45 | 20:00 (1)<\/td><td class=\"column-2\">09:45 | 18:10 | 19:40 | 20:20 (1)<\/td>\n<\/tr>\n<\/tbody>\n<\/table>\n\n<table>\n<tbody>\n<tr>\n<th>From S\u00e6b\u00f8 to Trandal:<\/th>\n<th>From Trandal to S\u00e6b\u00f8<\/th>\n<\/tr>\n<\/tbody>\n<\/table>\n\n<table id=\"tablepress-13\" class=\"tablepress tablepress-id-13\">\n<tbody>\n<tr class=\"row-1\">\n\t<td class=\"column-1\">09:20 (1) | 17.45 (1)<\/td><td class=\"column-2\">08:00 (1) | 16:25 (1)<\/td>\n<\/tr>\n<\/tbody>\n<\/table>\n\n<ol>\n<li>The ferry must be notified 60 minutes before departure. (Not necessary in June, July and August)  <\/li>\n<\/ol>\n<p>The phone number to the ferry:<br \/>\n<table id=\"tablepress-9-no-3\" class=\"tablepress tablepress-id-9\">\n<thead>\n<tr class=\"row-1\">\n\t<th class=\"column-1\">+47 916 69 340<\/th>\n<\/tr>\n<\/thead>\n<tbody>\n<\/tbody>\n<\/table>\n<\/p>\n<\/div>\n\t\t\t\t\t\t\t\t\t<div class=\"elementor-tab-title elementor-tab-mobile-title\" aria-selected=\"false\" data-tab=\"4\" role=\"tab\" tabindex=\"-1\" aria-controls=\"elementor-tab-content-2584\" aria-expanded=\"false\">Sunday<\/div>\n\t\t\t\t\t<div id=\"elementor-tab-content-2584\" class=\"elementor-tab-content elementor-clearfix\" data-tab=\"4\" role=\"tabpanel\" aria-labelledby=\"elementor-tab-title-2584\" tabindex=\"0\" hidden=\"hidden\"><table>\n<tbody>\n<tr>\n<th>From Standal to Trandal:<\/th>\n<th>From Trandal to Standal<\/th>\n<\/tr>\n<\/tbody>\n<\/table>\n\n<table id=\"tablepress-14\" class=\"tablepress tablepress-id-14\">\n<tbody>\n<tr class=\"row-1\">\n\t<td class=\"column-1\">09:00 | 10:00 | 15:30 | 16:55 | 20:00 (1) | 20:40 (1)<\/td><td class=\"column-2\">09:20 | 12:15 | 15:50  | 19:00 | 20:20 (1) | 21:00 (1)<\/td>\n<\/tr>\n<\/tbody>\n<\/table>\n\n<table>\n<tbody>\n<tr>\n<th>From S\u00e6b\u00f8 to Trandal:<\/th>\n<th>From Trandal to S\u00e6b\u00f8<\/th>\n<\/tr>\n<\/tbody>\n<\/table>\n\n<table id=\"tablepress-15\" class=\"tablepress tablepress-id-15\">\n<tbody>\n<tr class=\"row-1\">\n\t<td class=\"column-1\">11:50 (1) | 18.35 (1)<\/td><td class=\"column-2\">10:20 (1) | 17:15 (1)<\/td>\n<\/tr>\n<\/tbody>\n<\/table>\n\n<ol>\n<li>The ferry must be notified 60 minutes before departure. (Not necessary in June, July and August) <\/li>\n<\/ol>\n<p>The phone number to the ferry:<br \/>\n<table id=\"tablepress-9-no-4\" class=\"tablepress tablepress-id-9\">\n<thead>\n<tr class=\"row-1\">\n\t<th class=\"column-1\">+47 916 69 340<\/th>\n<\/tr>\n<\/thead>\n<tbody>\n<\/tbody>\n<\/table>\n<\/p>\n<\/div>\n\t\t\t\t\t\t\t<\/div>\n\t\t<\/div>\n\t\t\t\t\t\t<\/div>\n\t\t\t\t<\/div>\n\t\t\t\t<\/div>\n\t\t\t\t<div class=\"elementor-element elementor-element-9664d05 syd-sticky-section-no elementor-widget elementor-widget-spacer\" data-id=\"9664d05\" data-element_type=\"widget\" data-e-type=\"widget\" data-widget_type=\"spacer.default\">\n\t\t\t\t<div class=\"elementor-widget-container\">\n\t\t\t\t\t\t\t<div class=\"elementor-spacer\">\n\t\t\t<div class=\"elementor-spacer-inner\"><\/div>\n\t\t<\/div>\n\t\t\t\t\t\t<\/div>\n\t\t\t\t<\/div>\n\t\t\t\t<div class=\"elementor-element elementor-element-828713c syd-sticky-section-no elementor-widget elementor-widget-spacer\" data-id=\"828713c\" data-element_type=\"widget\" data-e-type=\"widget\" data-widget_type=\"spacer.default\">\n\t\t\t\t<div class=\"elementor-widget-container\">\n\t\t\t\t\t\t\t<div class=\"elementor-spacer\">\n\t\t\t<div class=\"elementor-spacer-inner\"><\/div>\n\t\t<\/div>\n\t\t\t\t\t\t<\/div>\n\t\t\t\t<\/div>\n\t\t\t\t<div class=\"elementor-element elementor-element-c6a6696 syd-sticky-section-no elementor-widget elementor-widget-spacer\" data-id=\"c6a6696\" data-element_type=\"widget\" data-e-type=\"widget\" data-widget_type=\"spacer.default\">\n\t\t\t\t<div class=\"elementor-widget-container\">\n\t\t\t\t\t\t\t<div class=\"elementor-spacer\">\n\t\t\t<div class=\"elementor-spacer-inner\"><\/div>\n\t\t<\/div>\n\t\t\t\t\t\t<\/div>\n\t\t\t\t<\/div>\n\t\t\t\t<\/div>\n\t\t\t\t\t<\/div>\n\t\t\t\t<\/div>\n\t\t<div class=\"elementor-element elementor-element-6c68f81 e-flex e-con-boxed syd-sticky-section-no e-con e-parent\" data-id=\"6c68f81\" data-element_type=\"container\" data-e-type=\"container\">\n\t\t\t\t\t<div class=\"e-con-inner\">\n\t\t<div class=\"elementor-element elementor-element-aabc16f e-con-full e-flex syd-sticky-section-no e-con e-child\" data-id=\"aabc16f\" data-element_type=\"container\" data-e-type=\"container\">\n\t\t\t\t<div class=\"elementor-element elementor-element-d23f0c2 syd-sticky-section-no elementor-widget elementor-widget-spacer\" data-id=\"d23f0c2\" data-element_type=\"widget\" data-e-type=\"widget\" data-widget_type=\"spacer.default\">\n\t\t\t\t<div class=\"elementor-widget-container\">\n\t\t\t\t\t\t\t<div class=\"elementor-spacer\">\n\t\t\t<div class=\"elementor-spacer-inner\"><\/div>\n\t\t<\/div>\n\t\t\t\t\t\t<\/div>\n\t\t\t\t<\/div>\n\t\t\t\t<\/div>\n\t\t\t\t\t<\/div>\n\t\t\t\t<\/div>\n\t\t<div class=\"elementor-element elementor-element-c4ab937 e-flex e-con-boxed syd-sticky-section-no e-con e-parent\" data-id=\"c4ab937\" data-element_type=\"container\" data-e-type=\"container\" data-settings=\"{&quot;background_background&quot;:&quot;classic&quot;}\">\n\t\t\t\t\t<div class=\"e-con-inner\">\n\t\t<div class=\"elementor-element elementor-element-466ed8a e-con-full e-flex syd-sticky-section-no e-con e-child\" data-id=\"466ed8a\" data-element_type=\"container\" data-e-type=\"container\">\n\t\t\t\t<div class=\"elementor-element elementor-element-a789824 syd-sticky-section-no elementor-widget elementor-widget-spacer\" data-id=\"a789824\" data-element_type=\"widget\" data-e-type=\"widget\" data-widget_type=\"spacer.default\">\n\t\t\t\t<div class=\"elementor-widget-container\">\n\t\t\t\t\t\t\t<div class=\"elementor-spacer\">\n\t\t\t<div class=\"elementor-spacer-inner\"><\/div>\n\t\t<\/div>\n\t\t\t\t\t\t<\/div>\n\t\t\t\t<\/div>\n\t\t\t\t<div class=\"elementor-element elementor-element-cb05d25 syd-sticky-section-no elementor-widget elementor-widget-spacer\" data-id=\"cb05d25\" data-element_type=\"widget\" data-e-type=\"widget\" data-widget_type=\"spacer.default\">\n\t\t\t\t<div class=\"elementor-widget-container\">\n\t\t\t\t\t\t\t<div class=\"elementor-spacer\">\n\t\t\t<div class=\"elementor-spacer-inner\"><\/div>\n\t\t<\/div>\n\t\t\t\t\t\t<\/div>\n\t\t\t\t<\/div>\n\t\t\t\t<div class=\"elementor-element elementor-element-42da8fe syd-sticky-section-no elementor-widget elementor-widget-heading\" data-id=\"42da8fe\" data-element_type=\"widget\" data-e-type=\"widget\" data-widget_type=\"heading.default\">\n\t\t\t\t<div class=\"elementor-widget-container\">\n\t\t\t\t\t<h2 class=\"elementor-heading-title elementor-size-default\">Taxi boat or with your own boat<\/h2>\t\t\t\t<\/div>\n\t\t\t\t<\/div>\n\t\t\t\t<div class=\"elementor-element elementor-element-418aa58 syd-sticky-section-no elementor-widget elementor-widget-spacer\" data-id=\"418aa58\" data-element_type=\"widget\" data-e-type=\"widget\" data-widget_type=\"spacer.default\">\n\t\t\t\t<div class=\"elementor-widget-container\">\n\t\t\t\t\t\t\t<div class=\"elementor-spacer\">\n\t\t\t<div class=\"elementor-spacer-inner\"><\/div>\n\t\t<\/div>\n\t\t\t\t\t\t<\/div>\n\t\t\t\t<\/div>\n\t\t\t\t<div class=\"elementor-element elementor-element-3172e07 syd-sticky-section-no elementor-widget elementor-widget-text-editor\" data-id=\"3172e07\" data-element_type=\"widget\" data-e-type=\"widget\" data-widget_type=\"text-editor.default\">\n\t\t\t\t<div class=\"elementor-widget-container\">\n\t\t\t\t\t\t\t\t\t<p style=\"text-align: center;\">Are you coming from &#8211; or are you going on a hike and think that the 5 km long road up the valley is too long? Give us a call and we might be able to take you up or bring you down in one of our vehicles. We have tractor, ATV and cars with trailers that can carry both you and your equipment.<\/p>\t\t\t\t\t\t\t\t<\/div>\n\t\t\t\t<\/div>\n\t\t\t\t<div class=\"elementor-element elementor-element-977937c syd-sticky-section-no elementor-widget elementor-widget-spacer\" data-id=\"977937c\" data-element_type=\"widget\" data-e-type=\"widget\" data-widget_type=\"spacer.default\">\n\t\t\t\t<div class=\"elementor-widget-container\">\n\t\t\t\t\t\t\t<div class=\"elementor-spacer\">\n\t\t\t<div class=\"elementor-spacer-inner\"><\/div>\n\t\t<\/div>\n\t\t\t\t\t\t<\/div>\n\t\t\t\t<\/div>\n\t\t\t\t<div class=\"elementor-element elementor-element-d9eb78f elementor-button-warning elementor-align-center syd-sticky-section-no elementor-widget elementor-widget-button\" data-id=\"d9eb78f\" data-element_type=\"widget\" data-e-type=\"widget\" data-widget_type=\"button.default\">\n\t\t\t\t<div class=\"elementor-widget-container\">\n\t\t\t\t\t\t\t\t\t<div class=\"elementor-button-wrapper\">\n\t\t\t\t\t<a class=\"elementor-button elementor-button-link elementor-size-md\" href=\"https:\/\/christian-gaard.no\/kontakt-oss\/\">\n\t\t\t\t\t\t<span class=\"elementor-button-content-wrapper\">\n\t\t\t\t\t\t\t\t\t<span class=\"elementor-button-text\">Contact us<\/span>\n\t\t\t\t\t<\/span>\n\t\t\t\t\t<\/a>\n\t\t\t\t<\/div>\n\t\t\t\t\t\t\t\t<\/div>\n\t\t\t\t<\/div>\n\t\t\t\t<div class=\"elementor-element elementor-element-01e7229 syd-sticky-section-no elementor-widget elementor-widget-spacer\" data-id=\"01e7229\" data-element_type=\"widget\" data-e-type=\"widget\" data-widget_type=\"spacer.default\">\n\t\t\t\t<div class=\"elementor-widget-container\">\n\t\t\t\t\t\t\t<div class=\"elementor-spacer\">\n\t\t\t<div class=\"elementor-spacer-inner\"><\/div>\n\t\t<\/div>\n\t\t\t\t\t\t<\/div>\n\t\t\t\t<\/div>\n\t\t\t\t<div class=\"elementor-element elementor-element-70fd3d5 syd-sticky-section-no elementor-widget elementor-widget-spacer\" data-id=\"70fd3d5\" data-element_type=\"widget\" data-e-type=\"widget\" data-widget_type=\"spacer.default\">\n\t\t\t\t<div class=\"elementor-widget-container\">\n\t\t\t\t\t\t\t<div class=\"elementor-spacer\">\n\t\t\t<div class=\"elementor-spacer-inner\"><\/div>\n\t\t<\/div>\n\t\t\t\t\t\t<\/div>\n\t\t\t\t<\/div>\n\t\t\t\t<\/div>\n\t\t\t\t\t<\/div>\n\t\t\t\t<\/div>\n\t\t\t\t<\/div>\n\t\t","protected":false},"excerpt":{"rendered":"<p>Trandal is a small, safe and pleasant village &#8211; right in the heart of the Hj\u00f8rundfjord and the Sunnm\u00f8re Alps. We have [&hellip;]<\/p>\n","protected":false},"author":1,"featured_media":9975,"parent":10287,"menu_order":0,"comment_status":"closed","ping_status":"closed","template":"elementor_header_footer","meta":{"footnotes":""},"class_list":["post-10289","page","type-page","status-publish","has-post-thumbnail","hentry"],"_links":{"self":[{"href":"https:\/\/christian-gaard.no\/en\/wp-json\/wp\/v2\/pages\/10289","targetHints":{"allow":["GET"]}}],"collection":[{"href":"https:\/\/christian-gaard.no\/en\/wp-json\/wp\/v2\/pages"}],"about":[{"href":"https:\/\/christian-gaard.no\/en\/wp-json\/wp\/v2\/types\/page"}],"author":[{"embeddable":true,"href":"https:\/\/christian-gaard.no\/en\/wp-json\/wp\/v2\/users\/1"}],"replies":[{"embeddable":true,"href":"https:\/\/christian-gaard.no\/en\/wp-json\/wp\/v2\/comments?post=10289"}],"version-history":[{"count":0,"href":"https:\/\/christian-gaard.no\/en\/wp-json\/wp\/v2\/pages\/10289\/revisions"}],"up":[{"embeddable":true,"href":"https:\/\/christian-gaard.no\/en\/wp-json\/wp\/v2\/pages\/10287"}],"wp:featuredmedia":[{"embeddable":true,"href":"https:\/\/christian-gaard.no\/en\/wp-json\/wp\/v2\/media\/9975"}],"wp:attachment":[{"href":"https:\/\/christian-gaard.no\/en\/wp-json\/wp\/v2\/media?parent=10289"}],"curies":[{"name":"wp","href":"https:\/\/api.w.org\/{rel}","templated":true}]}}